{"id":710,"date":"2024-03-21T01:57:43","date_gmt":"2024-03-21T04:57:43","guid":{"rendered":"https:\/\/donubaldo.com.ar\/?post_type=product&#038;p=710"},"modified":"2024-06-24T01:44:18","modified_gmt":"2024-06-24T04:44:18","slug":"azafran-espanol","status":"publish","type":"product","link":"https:\/\/donubaldo.com.ar\/?product=azafran-espanol","title":{"rendered":"Azafr\u00e1n espa\u00f1ol"},"content":{"rendered":"<p>Cl\u00e1sico de la cocina espa\u00f1ola, en paellas, risottos, arroz, etc.<\/p>\n<p><strong>Ingredientes:<\/strong> Azafr\u00e1n<\/p>\n","protected":false},"excerpt":{"rendered":"<p>Cl\u00e1sico de la cocina espa\u00f1ola, en paellas, risottos, arroz, etc. Ingredientes: Azafr\u00e1n<\/p>\n","protected":false},"featured_media":1923,"template":"","meta":{"_monsterinsights_skip_tracking":false,"_monsterinsights_sitenote_active":false,"_monsterinsights_sitenote_note":"","_monsterinsights_sitenote_category":0,"_joinchat":[]},"product_brand":[],"product_cat":[33],"product_tag":[],"class_list":{"0":"post-710","1":"product","2":"type-product","3":"status-publish","4":"has-post-thumbnail","6":"product_cat-condimentos-y-especias","8":"first","9":"instock","10":"shipping-taxable","11":"purchasable","12":"product-type-variable","13":"has-default-attributes"},"aioseo_notices":[],"_links":{"self":[{"href":"https:\/\/donubaldo.com.ar\/index.php?rest_route=\/wp\/v2\/product\/710","targetHints":{"allow":["GET"]}}],"collection":[{"href":"https:\/\/donubaldo.com.ar\/index.php?rest_route=\/wp\/v2\/product"}],"about":[{"href":"https:\/\/donubaldo.com.ar\/index.php?rest_route=\/wp\/v2\/types\/product"}],"version-history":[{"count":1,"href":"https:\/\/donubaldo.com.ar\/index.php?rest_route=\/wp\/v2\/product\/710\/revisions"}],"predecessor-version":[{"id":714,"href":"https:\/\/donubaldo.com.ar\/index.php?rest_route=\/wp\/v2\/product\/710\/revisions\/714"}],"wp:featuredmedia":[{"embeddable":true,"href":"https:\/\/donubaldo.com.ar\/index.php?rest_route=\/wp\/v2\/media\/1923"}],"wp:attachment":[{"href":"https:\/\/donubaldo.com.ar\/index.php?rest_route=%2Fwp%2Fv2%2Fmedia&parent=710"}],"wp:term":[{"taxonomy":"product_brand","embeddable":true,"href":"https:\/\/donubaldo.com.ar\/index.php?rest_route=%2Fwp%2Fv2%2Fproduct_brand&post=710"},{"taxonomy":"product_cat","embeddable":true,"href":"https:\/\/donubaldo.com.ar\/index.php?rest_route=%2Fwp%2Fv2%2Fproduct_cat&post=710"},{"taxonomy":"product_tag","embeddable":true,"href":"https:\/\/donubaldo.com.ar\/index.php?rest_route=%2Fwp%2Fv2%2Fproduct_tag&post=710"}],"curies":[{"name":"wp","href":"https:\/\/api.w.org\/{rel}","templated":true}]}}