{"id":758,"date":"2024-03-21T02:29:49","date_gmt":"2024-03-21T05:29:49","guid":{"rendered":"https:\/\/donubaldo.com.ar\/?post_type=product&#038;p=758"},"modified":"2024-06-24T02:11:31","modified_gmt":"2024-06-24T05:11:31","slug":"oregano","status":"publish","type":"product","link":"https:\/\/donubaldo.com.ar\/?product=oregano","title":{"rendered":"Or\u00e9gano"},"content":{"rendered":"<p>La hierba arom\u00e1tica m\u00e1s usada. Proviene de Mendoza, Chile o Per\u00fa<\/p>\n<p><strong>Ingredientes:<\/strong> Or\u00e9gano<\/p>\n<p>&nbsp;<\/p>\n<p>&nbsp;<\/p>\n<p>&nbsp;<\/p>\n<p>&nbsp;<\/p>\n","protected":false},"excerpt":{"rendered":"<p>La hierba arom\u00e1tica m\u00e1s usada. Proviene de Mendoza, Chile o Per\u00fa Ingredientes: Or\u00e9gano &nbsp; &nbsp; &nbsp; &nbsp;<\/p>\n","protected":false},"featured_media":1151,"template":"","meta":{"_monsterinsights_skip_tracking":false,"_monsterinsights_sitenote_active":false,"_monsterinsights_sitenote_note":"","_monsterinsights_sitenote_category":0,"_joinchat":[]},"product_brand":[],"product_cat":[33],"product_tag":[],"class_list":{"0":"post-758","1":"product","2":"type-product","3":"status-publish","4":"has-post-thumbnail","6":"product_cat-condimentos-y-especias","8":"first","9":"instock","10":"shipping-taxable","11":"purchasable","12":"product-type-variable"},"aioseo_notices":[],"_links":{"self":[{"href":"https:\/\/donubaldo.com.ar\/index.php?rest_route=\/wp\/v2\/product\/758","targetHints":{"allow":["GET"]}}],"collection":[{"href":"https:\/\/donubaldo.com.ar\/index.php?rest_route=\/wp\/v2\/product"}],"about":[{"href":"https:\/\/donubaldo.com.ar\/index.php?rest_route=\/wp\/v2\/types\/product"}],"version-history":[{"count":1,"href":"https:\/\/donubaldo.com.ar\/index.php?rest_route=\/wp\/v2\/product\/758\/revisions"}],"predecessor-version":[{"id":767,"href":"https:\/\/donubaldo.com.ar\/index.php?rest_route=\/wp\/v2\/product\/758\/revisions\/767"}],"wp:featuredmedia":[{"embeddable":true,"href":"https:\/\/donubaldo.com.ar\/index.php?rest_route=\/wp\/v2\/media\/1151"}],"wp:attachment":[{"href":"https:\/\/donubaldo.com.ar\/index.php?rest_route=%2Fwp%2Fv2%2Fmedia&parent=758"}],"wp:term":[{"taxonomy":"product_brand","embeddable":true,"href":"https:\/\/donubaldo.com.ar\/index.php?rest_route=%2Fwp%2Fv2%2Fproduct_brand&post=758"},{"taxonomy":"product_cat","embeddable":true,"href":"https:\/\/donubaldo.com.ar\/index.php?rest_route=%2Fwp%2Fv2%2Fproduct_cat&post=758"},{"taxonomy":"product_tag","embeddable":true,"href":"https:\/\/donubaldo.com.ar\/index.php?rest_route=%2Fwp%2Fv2%2Fproduct_tag&post=758"}],"curies":[{"name":"wp","href":"https:\/\/api.w.org\/{rel}","templated":true}]}}