{"id":775,"date":"2024-03-21T02:39:45","date_gmt":"2024-03-21T05:39:45","guid":{"rendered":"https:\/\/donubaldo.com.ar\/?post_type=product&#038;p=775"},"modified":"2024-03-21T17:00:54","modified_gmt":"2024-03-21T20:00:54","slug":"pimenton-dulce","status":"publish","type":"product","link":"https:\/\/donubaldo.com.ar\/?product=pimenton-dulce","title":{"rendered":"Piment\u00f3n Dulce"},"content":{"rendered":"<p>Origen espa\u00f1ol y argentino, de sabor dulce y un color rojo que ti\u00f1e las comidas donde se utilice, tales como salsas, estofados, carnes, etc.<\/p>\n<p><strong>Ingredientes:<\/strong> Piment\u00f3n<\/p>\n","protected":false},"excerpt":{"rendered":"<p>Origen espa\u00f1ol y argentino, de sabor dulce y un color rojo que ti\u00f1e las comidas donde se utilice, tales como salsas, estofados, carnes, etc. Ingredientes: Piment\u00f3n<\/p>\n","protected":false},"featured_media":1165,"template":"","meta":{"_monsterinsights_skip_tracking":false,"_monsterinsights_sitenote_active":false,"_monsterinsights_sitenote_note":"","_monsterinsights_sitenote_category":0,"_joinchat":[]},"product_brand":[],"product_cat":[33],"product_tag":[],"class_list":{"0":"post-775","1":"product","2":"type-product","3":"status-publish","4":"has-post-thumbnail","6":"product_cat-condimentos-y-especias","8":"first","9":"instock","10":"shipping-taxable","11":"purchasable","12":"product-type-variable"},"aioseo_notices":[],"_links":{"self":[{"href":"https:\/\/donubaldo.com.ar\/index.php?rest_route=\/wp\/v2\/product\/775","targetHints":{"allow":["GET"]}}],"collection":[{"href":"https:\/\/donubaldo.com.ar\/index.php?rest_route=\/wp\/v2\/product"}],"about":[{"href":"https:\/\/donubaldo.com.ar\/index.php?rest_route=\/wp\/v2\/types\/product"}],"version-history":[{"count":1,"href":"https:\/\/donubaldo.com.ar\/index.php?rest_route=\/wp\/v2\/product\/775\/revisions"}],"predecessor-version":[{"id":783,"href":"https:\/\/donubaldo.com.ar\/index.php?rest_route=\/wp\/v2\/product\/775\/revisions\/783"}],"wp:featuredmedia":[{"embeddable":true,"href":"https:\/\/donubaldo.com.ar\/index.php?rest_route=\/wp\/v2\/media\/1165"}],"wp:attachment":[{"href":"https:\/\/donubaldo.com.ar\/index.php?rest_route=%2Fwp%2Fv2%2Fmedia&parent=775"}],"wp:term":[{"taxonomy":"product_brand","embeddable":true,"href":"https:\/\/donubaldo.com.ar\/index.php?rest_route=%2Fwp%2Fv2%2Fproduct_brand&post=775"},{"taxonomy":"product_cat","embeddable":true,"href":"https:\/\/donubaldo.com.ar\/index.php?rest_route=%2Fwp%2Fv2%2Fproduct_cat&post=775"},{"taxonomy":"product_tag","embeddable":true,"href":"https:\/\/donubaldo.com.ar\/index.php?rest_route=%2Fwp%2Fv2%2Fproduct_tag&post=775"}],"curies":[{"name":"wp","href":"https:\/\/api.w.org\/{rel}","templated":true}]}}