{"id":808,"date":"2024-03-21T02:57:40","date_gmt":"2024-03-21T05:57:40","guid":{"rendered":"https:\/\/donubaldo.com.ar\/?post_type=product&#038;p=808"},"modified":"2024-06-24T02:36:39","modified_gmt":"2024-06-24T05:36:39","slug":"pimienta-negra-molida","status":"publish","type":"product","link":"https:\/\/donubaldo.com.ar\/?product=pimienta-negra-molida","title":{"rendered":"Pimienta negra molida"},"content":{"rendered":"<p>Proviene de Brasil y se utiliza com\u00fanmente en arroz, paellas y risottos. Tiene un aroma m\u00e1s suave que la pimienta blanca y la molienda se realiza en la f\u00e1brica.<\/p>\n<p><strong>Ingredientes:<\/strong> Pimienta Negra<\/p>\n<p>&nbsp;<\/p>\n<p>&nbsp;<\/p>\n<p>&nbsp;<\/p>\n<p>&nbsp;<\/p>\n","protected":false},"excerpt":{"rendered":"<p>Proviene de Brasil y se utiliza com\u00fanmente en arroz, paellas y risottos. Tiene un aroma m\u00e1s suave que la pimienta blanca y la molienda se realiza en la f\u00e1brica. Ingredientes: Pimienta Negra &nbsp; &nbsp; &nbsp; &nbsp;<\/p>\n","protected":false},"featured_media":1180,"template":"","meta":{"_monsterinsights_skip_tracking":false,"_monsterinsights_sitenote_active":false,"_monsterinsights_sitenote_note":"","_monsterinsights_sitenote_category":0,"_joinchat":[]},"product_brand":[],"product_cat":[33],"product_tag":[],"class_list":{"0":"post-808","1":"product","2":"type-product","3":"status-publish","4":"has-post-thumbnail","6":"product_cat-condimentos-y-especias","8":"first","9":"instock","10":"shipping-taxable","11":"purchasable","12":"product-type-variable"},"aioseo_notices":[],"_links":{"self":[{"href":"https:\/\/donubaldo.com.ar\/index.php?rest_route=\/wp\/v2\/product\/808","targetHints":{"allow":["GET"]}}],"collection":[{"href":"https:\/\/donubaldo.com.ar\/index.php?rest_route=\/wp\/v2\/product"}],"about":[{"href":"https:\/\/donubaldo.com.ar\/index.php?rest_route=\/wp\/v2\/types\/product"}],"version-history":[{"count":1,"href":"https:\/\/donubaldo.com.ar\/index.php?rest_route=\/wp\/v2\/product\/808\/revisions"}],"predecessor-version":[{"id":815,"href":"https:\/\/donubaldo.com.ar\/index.php?rest_route=\/wp\/v2\/product\/808\/revisions\/815"}],"wp:featuredmedia":[{"embeddable":true,"href":"https:\/\/donubaldo.com.ar\/index.php?rest_route=\/wp\/v2\/media\/1180"}],"wp:attachment":[{"href":"https:\/\/donubaldo.com.ar\/index.php?rest_route=%2Fwp%2Fv2%2Fmedia&parent=808"}],"wp:term":[{"taxonomy":"product_brand","embeddable":true,"href":"https:\/\/donubaldo.com.ar\/index.php?rest_route=%2Fwp%2Fv2%2Fproduct_brand&post=808"},{"taxonomy":"product_cat","embeddable":true,"href":"https:\/\/donubaldo.com.ar\/index.php?rest_route=%2Fwp%2Fv2%2Fproduct_cat&post=808"},{"taxonomy":"product_tag","embeddable":true,"href":"https:\/\/donubaldo.com.ar\/index.php?rest_route=%2Fwp%2Fv2%2Fproduct_tag&post=808"}],"curies":[{"name":"wp","href":"https:\/\/api.w.org\/{rel}","templated":true}]}}