{"id":850,"date":"2024-03-21T03:24:03","date_gmt":"2024-03-21T06:24:03","guid":{"rendered":"https:\/\/donubaldo.com.ar\/?post_type=product&#038;p=850"},"modified":"2024-03-21T16:43:48","modified_gmt":"2024-03-21T19:43:48","slug":"chimichurri-liquido","status":"publish","type":"product","link":"https:\/\/donubaldo.com.ar\/?product=chimichurri-liquido","title":{"rendered":"Chimichurri L\u00edquido"},"content":{"rendered":"<p>Ideal para adobar carnes rojas y blancas<\/p>\n<p><strong>Ingredientes: <\/strong>Agua, vinagre, sal, aj\u00ed molido, ajo, or\u00e9gano y piment\u00f3n<\/p>\n","protected":false},"excerpt":{"rendered":"<p>Ideal para adobar carnes rojas y blancas Ingredientes: Agua, vinagre, sal, aj\u00ed molido, ajo, or\u00e9gano y piment\u00f3n<\/p>\n","protected":false},"featured_media":1102,"template":"","meta":{"_monsterinsights_skip_tracking":false,"_monsterinsights_sitenote_active":false,"_monsterinsights_sitenote_note":"","_monsterinsights_sitenote_category":0,"_joinchat":[]},"product_brand":[],"product_cat":[33],"product_tag":[],"class_list":{"0":"post-850","1":"product","2":"type-product","3":"status-publish","4":"has-post-thumbnail","6":"product_cat-condimentos-y-especias","8":"first","9":"instock","10":"shipping-taxable","11":"purchasable","12":"product-type-variable"},"aioseo_notices":[],"_links":{"self":[{"href":"https:\/\/donubaldo.com.ar\/index.php?rest_route=\/wp\/v2\/product\/850","targetHints":{"allow":["GET"]}}],"collection":[{"href":"https:\/\/donubaldo.com.ar\/index.php?rest_route=\/wp\/v2\/product"}],"about":[{"href":"https:\/\/donubaldo.com.ar\/index.php?rest_route=\/wp\/v2\/types\/product"}],"version-history":[{"count":1,"href":"https:\/\/donubaldo.com.ar\/index.php?rest_route=\/wp\/v2\/product\/850\/revisions"}],"predecessor-version":[{"id":856,"href":"https:\/\/donubaldo.com.ar\/index.php?rest_route=\/wp\/v2\/product\/850\/revisions\/856"}],"wp:featuredmedia":[{"embeddable":true,"href":"https:\/\/donubaldo.com.ar\/index.php?rest_route=\/wp\/v2\/media\/1102"}],"wp:attachment":[{"href":"https:\/\/donubaldo.com.ar\/index.php?rest_route=%2Fwp%2Fv2%2Fmedia&parent=850"}],"wp:term":[{"taxonomy":"product_brand","embeddable":true,"href":"https:\/\/donubaldo.com.ar\/index.php?rest_route=%2Fwp%2Fv2%2Fproduct_brand&post=850"},{"taxonomy":"product_cat","embeddable":true,"href":"https:\/\/donubaldo.com.ar\/index.php?rest_route=%2Fwp%2Fv2%2Fproduct_cat&post=850"},{"taxonomy":"product_tag","embeddable":true,"href":"https:\/\/donubaldo.com.ar\/index.php?rest_route=%2Fwp%2Fv2%2Fproduct_tag&post=850"}],"curies":[{"name":"wp","href":"https:\/\/api.w.org\/{rel}","templated":true}]}}