{"id":869,"date":"2024-03-21T03:33:18","date_gmt":"2024-03-21T06:33:18","guid":{"rendered":"https:\/\/donubaldo.com.ar\/?post_type=product&#038;p=869"},"modified":"2024-03-21T16:40:19","modified_gmt":"2024-03-21T19:40:19","slug":"condimento-para-carnes","status":"publish","type":"product","link":"https:\/\/donubaldo.com.ar\/?product=condimento-para-carnes","title":{"rendered":"Condimento para Carnes"},"content":{"rendered":"<p><strong>Ingredientes:<\/strong> Aj\u00ed molido, ajo en polvo, laurel molido, nuez moscada molida, or\u00e9gano, perejil deshidratado y piment\u00f3n.<\/p>\n","protected":false},"excerpt":{"rendered":"<p>Ingredientes: Aj\u00ed molido, ajo en polvo, laurel molido, nuez moscada molida, or\u00e9gano, perejil deshidratado y piment\u00f3n.<\/p>\n","protected":false},"featured_media":1117,"template":"","meta":{"_monsterinsights_skip_tracking":false,"_monsterinsights_sitenote_active":false,"_monsterinsights_sitenote_note":"","_monsterinsights_sitenote_category":0,"_joinchat":[]},"product_brand":[],"product_cat":[33],"product_tag":[],"class_list":{"0":"post-869","1":"product","2":"type-product","3":"status-publish","4":"has-post-thumbnail","6":"product_cat-condimentos-y-especias","8":"first","9":"instock","10":"shipping-taxable","11":"purchasable","12":"product-type-variable"},"aioseo_notices":[],"_links":{"self":[{"href":"https:\/\/donubaldo.com.ar\/index.php?rest_route=\/wp\/v2\/product\/869","targetHints":{"allow":["GET"]}}],"collection":[{"href":"https:\/\/donubaldo.com.ar\/index.php?rest_route=\/wp\/v2\/product"}],"about":[{"href":"https:\/\/donubaldo.com.ar\/index.php?rest_route=\/wp\/v2\/types\/product"}],"version-history":[{"count":1,"href":"https:\/\/donubaldo.com.ar\/index.php?rest_route=\/wp\/v2\/product\/869\/revisions"}],"predecessor-version":[{"id":871,"href":"https:\/\/donubaldo.com.ar\/index.php?rest_route=\/wp\/v2\/product\/869\/revisions\/871"}],"wp:featuredmedia":[{"embeddable":true,"href":"https:\/\/donubaldo.com.ar\/index.php?rest_route=\/wp\/v2\/media\/1117"}],"wp:attachment":[{"href":"https:\/\/donubaldo.com.ar\/index.php?rest_route=%2Fwp%2Fv2%2Fmedia&parent=869"}],"wp:term":[{"taxonomy":"product_brand","embeddable":true,"href":"https:\/\/donubaldo.com.ar\/index.php?rest_route=%2Fwp%2Fv2%2Fproduct_brand&post=869"},{"taxonomy":"product_cat","embeddable":true,"href":"https:\/\/donubaldo.com.ar\/index.php?rest_route=%2Fwp%2Fv2%2Fproduct_cat&post=869"},{"taxonomy":"product_tag","embeddable":true,"href":"https:\/\/donubaldo.com.ar\/index.php?rest_route=%2Fwp%2Fv2%2Fproduct_tag&post=869"}],"curies":[{"name":"wp","href":"https:\/\/api.w.org\/{rel}","templated":true}]}}