{"id":872,"date":"2024-03-21T03:34:33","date_gmt":"2024-03-21T06:34:33","guid":{"rendered":"https:\/\/donubaldo.com.ar\/?post_type=product&#038;p=872"},"modified":"2024-03-21T16:39:21","modified_gmt":"2024-03-21T19:39:21","slug":"condimento-para-chorizo","status":"publish","type":"product","link":"https:\/\/donubaldo.com.ar\/?product=condimento-para-chorizo","title":{"rendered":"Condimento para Chorizo"},"content":{"rendered":"<p>1kg de producto rinde 20kg de carne<\/p>\n<p><strong>Ingredientes:<\/strong> Aj\u00ed molido, ajo en polvo, almid\u00f3n de ma\u00edz, nuez moscada molida, or\u00e9gano, pimienta negra molida y sal.<\/p>\n","protected":false},"excerpt":{"rendered":"<p>1kg de producto rinde 20kg de carne Ingredientes: Aj\u00ed molido, ajo en polvo, almid\u00f3n de ma\u00edz, nuez moscada molida, or\u00e9gano, pimienta negra molida y sal.<\/p>\n","protected":false},"featured_media":1118,"template":"","meta":{"_monsterinsights_skip_tracking":false,"_monsterinsights_sitenote_active":false,"_monsterinsights_sitenote_note":"","_monsterinsights_sitenote_category":0,"_joinchat":[]},"product_brand":[],"product_cat":[33],"product_tag":[],"class_list":{"0":"post-872","1":"product","2":"type-product","3":"status-publish","4":"has-post-thumbnail","6":"product_cat-condimentos-y-especias","8":"first","9":"instock","10":"shipping-taxable","11":"purchasable","12":"product-type-variable"},"aioseo_notices":[],"_links":{"self":[{"href":"https:\/\/donubaldo.com.ar\/index.php?rest_route=\/wp\/v2\/product\/872","targetHints":{"allow":["GET"]}}],"collection":[{"href":"https:\/\/donubaldo.com.ar\/index.php?rest_route=\/wp\/v2\/product"}],"about":[{"href":"https:\/\/donubaldo.com.ar\/index.php?rest_route=\/wp\/v2\/types\/product"}],"version-history":[{"count":1,"href":"https:\/\/donubaldo.com.ar\/index.php?rest_route=\/wp\/v2\/product\/872\/revisions"}],"predecessor-version":[{"id":874,"href":"https:\/\/donubaldo.com.ar\/index.php?rest_route=\/wp\/v2\/product\/872\/revisions\/874"}],"wp:featuredmedia":[{"embeddable":true,"href":"https:\/\/donubaldo.com.ar\/index.php?rest_route=\/wp\/v2\/media\/1118"}],"wp:attachment":[{"href":"https:\/\/donubaldo.com.ar\/index.php?rest_route=%2Fwp%2Fv2%2Fmedia&parent=872"}],"wp:term":[{"taxonomy":"product_brand","embeddable":true,"href":"https:\/\/donubaldo.com.ar\/index.php?rest_route=%2Fwp%2Fv2%2Fproduct_brand&post=872"},{"taxonomy":"product_cat","embeddable":true,"href":"https:\/\/donubaldo.com.ar\/index.php?rest_route=%2Fwp%2Fv2%2Fproduct_cat&post=872"},{"taxonomy":"product_tag","embeddable":true,"href":"https:\/\/donubaldo.com.ar\/index.php?rest_route=%2Fwp%2Fv2%2Fproduct_tag&post=872"}],"curies":[{"name":"wp","href":"https:\/\/api.w.org\/{rel}","templated":true}]}}