{"id":901,"date":"2024-03-21T03:51:30","date_gmt":"2024-03-21T06:51:30","guid":{"rendered":"https:\/\/donubaldo.com.ar\/?post_type=product&#038;p=901"},"modified":"2024-06-08T19:22:56","modified_gmt":"2024-06-08T22:22:56","slug":"mani-crocante-saborizado","status":"publish","type":"product","link":"https:\/\/donubaldo.com.ar\/?product=mani-crocante-saborizado","title":{"rendered":"Man\u00ed crocante saborizado"},"content":{"rendered":"<p><strong>SABORES: <\/strong>CL\u00c1SICO, JAM\u00d3N, PIZZA Y QUESO<\/p>\n<p><strong>Ingredientes:<\/strong> Almid\u00f3n de ma\u00edz, az\u00facar, harina de trigo, man\u00ed y saborizante.<\/p>\n","protected":false},"excerpt":{"rendered":"<p>SABORES: CL\u00c1SICO, JAM\u00d3N, PIZZA Y QUESO Ingredientes: Almid\u00f3n de ma\u00edz, az\u00facar, harina de trigo, man\u00ed y saborizante.<\/p>\n","protected":false},"featured_media":1800,"template":"","meta":{"_monsterinsights_skip_tracking":false,"_monsterinsights_sitenote_active":false,"_monsterinsights_sitenote_note":"","_monsterinsights_sitenote_category":0,"_joinchat":[]},"product_brand":[],"product_cat":[29],"product_tag":[],"class_list":{"0":"post-901","1":"product","2":"type-product","3":"status-publish","4":"has-post-thumbnail","6":"product_cat-snacks","8":"first","9":"instock","10":"shipping-taxable","11":"purchasable","12":"product-type-variable"},"aioseo_notices":[],"_links":{"self":[{"href":"https:\/\/donubaldo.com.ar\/index.php?rest_route=\/wp\/v2\/product\/901","targetHints":{"allow":["GET"]}}],"collection":[{"href":"https:\/\/donubaldo.com.ar\/index.php?rest_route=\/wp\/v2\/product"}],"about":[{"href":"https:\/\/donubaldo.com.ar\/index.php?rest_route=\/wp\/v2\/types\/product"}],"version-history":[{"count":1,"href":"https:\/\/donubaldo.com.ar\/index.php?rest_route=\/wp\/v2\/product\/901\/revisions"}],"predecessor-version":[{"id":905,"href":"https:\/\/donubaldo.com.ar\/index.php?rest_route=\/wp\/v2\/product\/901\/revisions\/905"}],"wp:featuredmedia":[{"embeddable":true,"href":"https:\/\/donubaldo.com.ar\/index.php?rest_route=\/wp\/v2\/media\/1800"}],"wp:attachment":[{"href":"https:\/\/donubaldo.com.ar\/index.php?rest_route=%2Fwp%2Fv2%2Fmedia&parent=901"}],"wp:term":[{"taxonomy":"product_brand","embeddable":true,"href":"https:\/\/donubaldo.com.ar\/index.php?rest_route=%2Fwp%2Fv2%2Fproduct_brand&post=901"},{"taxonomy":"product_cat","embeddable":true,"href":"https:\/\/donubaldo.com.ar\/index.php?rest_route=%2Fwp%2Fv2%2Fproduct_cat&post=901"},{"taxonomy":"product_tag","embeddable":true,"href":"https:\/\/donubaldo.com.ar\/index.php?rest_route=%2Fwp%2Fv2%2Fproduct_tag&post=901"}],"curies":[{"name":"wp","href":"https:\/\/api.w.org\/{rel}","templated":true}]}}